{"id":3535,"date":"2022-10-12T09:50:35","date_gmt":"2022-10-12T06:50:35","guid":{"rendered":"https:\/\/amorasurvey.com\/tr\/?page_id=3535"},"modified":"2024-03-07T13:49:28","modified_gmt":"2024-03-07T10:49:28","slug":"iletisim","status":"publish","type":"page","link":"https:\/\/amorasurvey.com\/tr\/iletisim\/","title":{"rendered":"\u0130LET\u0130\u015e\u0130M"},"content":{"rendered":"\n<style type=\"text\/css\" data-created_by=\"avia_inline_auto\" id=\"style-css-av-la6hpm79-231bf3455685be69662f5e836752a2c9\">\n.avia-section.av-la6hpm79-231bf3455685be69662f5e836752a2c9{\nbackground-repeat:no-repeat;\nbackground-image:url(https:\/\/amorasurvey.com\/tr\/wp-content\/uploads\/2022\/11\/world_contact-1.png);\nbackground-position:0% 0%;\nbackground-attachment:scroll;\n}\n<\/style>\n<div id='av_section_1'  class='avia-section av-la6hpm79-231bf3455685be69662f5e836752a2c9 main_color avia-section-default avia-no-border-styling  avia-builder-el-0  el_before_av_layout_row  avia-builder-el-first  avia-full-contain avia-bg-style-scroll container_wrap fullsize'  data-section-bg-repeat='contain'><div class='container av-section-cont-open' ><main  role=\"main\" itemprop=\"mainContentOfPage\"  class='template-page content  av-content-full alpha units'><div class='post-entry post-entry-type-page post-entry-3535'><div class='entry-content-wrapper clearfix'>\n<div class='flex_column_table av-hkksf-4d4d6678690760300f7a8b75fef98b8c sc-av_one_half av-equal-height-column-flextable'>\n<style type=\"text\/css\" data-created_by=\"avia_inline_auto\" id=\"style-css-av-hkksf-4d4d6678690760300f7a8b75fef98b8c\">\n.flex_column.av-hkksf-4d4d6678690760300f7a8b75fef98b8c{\npadding:50px 0 0 0;\n}\n<\/style>\n<div class='flex_column av-hkksf-4d4d6678690760300f7a8b75fef98b8c av_one_half  avia-builder-el-1  el_before_av_one_half  avia-builder-el-first  first flex_column_table_cell av-equal-height-column av-align-middle '     ><p>\n<style type=\"text\/css\" data-created_by=\"avia_inline_auto\" id=\"style-css-av-9mnhzj-4fbd70c5c29d18a973c5eec0dfa44be2\">\n#top .av-special-heading.av-9mnhzj-4fbd70c5c29d18a973c5eec0dfa44be2{\npadding-bottom:10px;\n}\nbody .av-special-heading.av-9mnhzj-4fbd70c5c29d18a973c5eec0dfa44be2 .av-special-heading-tag .heading-char{\nfont-size:25px;\n}\n.av-special-heading.av-9mnhzj-4fbd70c5c29d18a973c5eec0dfa44be2 .av-subheading{\nfont-size:15px;\n}\n<\/style>\n<div  id=\"baslik\"  class='av-special-heading av-9mnhzj-4fbd70c5c29d18a973c5eec0dfa44be2 av-special-heading-h3 blockquote modern-quote  avia-builder-el-2  el_before_av_textblock  avia-builder-el-first  baslik baslik'><div class='av-subheading av-subheading_above'><p>\u0130LET\u0130\u015e\u0130M B\u0130LG\u0130LER\u0130M\u0130Z<\/p>\n<div class=\"transx_up_heading_overlay\">\u0130LET\u0130\u015e\u0130M<\/div>\n<\/div><h3 class='av-special-heading-tag'  itemprop=\"headline\"  >Bize Ula\u015f\u0131n<\/h3><div class=\"special-heading-border\"><div class=\"special-heading-inner-border\"><\/div><\/div><\/div><br \/>\n<section  class='av_textblock_section av-22v4bz-a68df890287bb8a0527633a3e1e611e6'  itemscope=\"itemscope\" itemtype=\"https:\/\/schema.org\/CreativeWork\" ><div class='avia_textblock'  itemprop=\"text\" ><p>\u0130leti\u015fim formunu doldurarak bizimle ileti\u015fime ge\u00e7ebilirsiniz. Sizinle ileti\u015fime ge\u00e7mekten memnuniyet duyaca\u011f\u0131z.<\/p>\n<\/div><\/section><br \/>\n<form action=\"https:\/\/amorasurvey.com\/tr\/iletisim\/\" method=\"post\"  class=\"avia_ajax_form av-form-labels-hidden   avia-builder-el-4  el_after_av_textblock  avia-builder-el-last  av-centered-form   \" data-avia-form-id=\"1\" data-avia-redirect='' ><fieldset><p class='  first_form  form_element form_fullwidth' id='element_avia_1_1'><label for=\"avia_1_1\">\u0130sim <abbr class=\"required\" title=\"Zorunlu\">*<\/abbr><\/label> <input name=\"avia_1_1\" class=\"text_input is_empty\" type=\"text\" id=\"avia_1_1\" value=\"\"  placeholder='\u0130sim*'\/><\/p><p class='  first_form  form_element form_fullwidth' id='element_avia_2_1'><label for=\"avia_2_1\">E-Posta <abbr class=\"required\" title=\"Zorunlu\">*<\/abbr><\/label> <input name=\"avia_2_1\" class=\"text_input is_email\" type=\"text\" id=\"avia_2_1\" value=\"\"  placeholder='E-Posta*'\/><\/p><p class='  first_form  form_element form_fullwidth' id='element_avia_3_1'><label for=\"avia_3_1\">Konu <abbr class=\"required\" title=\"Zorunlu\">*<\/abbr><\/label> <input name=\"avia_3_1\" class=\"text_input is_empty\" type=\"text\" id=\"avia_3_1\" value=\"\"  placeholder='Konu*'\/><\/p><p class='  first_form  form_element form_fullwidth' id='element_avia_4_1'><label for=\"avia_4_1\" class=\"textare_label hidden textare_label_avia_4_1\">Mesaj <abbr class=\"required\" title=\"Zorunlu\">*<\/abbr><\/label><textarea  placeholder='Mesaj*' name=\"avia_4_1\" class=\"text_area is_empty\" cols=\"40\" rows=\"7\" id=\"avia_4_1\" ><\/textarea><\/p><p class=\"hidden\"><input type=\"text\" name=\"avia_5_1\" class=\"hidden \" id=\"avia_5_1\" value=\"\" \/><\/p><div id='avia_6_1' class='av-recaptcha-area  first_form  form_element form_fullwidth '  data-container_class=\"\" data-custom_class=\"\" data-context=\"av_contact_form\" data-token_input=\"av_recaptcha_token\" data-version=\"avia_recaptcha_v2\" data-theme=\"light\" data-size=\"normal\" data-score=\"0.5\" data-text_to_preview=\"\" data-value=\"\"><div class=\"av-google-badge-message hidden\">This site is protected by reCAPTCHA and the Google <a href=\"https:\/\/policies.google.com\/privacy\">Privacy Policy<\/a> and <a href=\"https:\/\/policies.google.com\/terms\">Terms of Service<\/a> apply.<\/div><\/div><p class=\"form_element \"><input type=\"hidden\" value=\"1\" name=\"avia_generated_form1\" \/><input type=\"submit\" value=\"G\u00f6nder\" class=\"button\"  data-sending-label=\"G\u00f6nderiliyor\"\/><\/p><\/fieldset><div class=\"avia-disabled-form\">This contact form is deactivated because you refused to accept Google reCaptcha service which is necessary to validate any messages sent by the form.<\/div><\/form><div id=\"ajaxresponse_1\" class=\"ajaxresponse ajaxresponse_1 hidden\"><\/div><\/p><\/div><div class='av-flex-placeholder'><\/div><div class='flex_column av-23p4kv-509608791090751f4739cad8890c0037 av_one_half  avia-builder-el-5  el_after_av_one_half  avia-builder-el-last  flex_column_table_cell av-equal-height-column av-align-middle '     ><p><section  class='av_textblock_section av-la6hym9y-d9e575a34edb4f7ea8cbcb74ae6998e9'  itemscope=\"itemscope\" itemtype=\"https:\/\/schema.org\/CreativeWork\" ><div class='avia_textblock'  itemprop=\"text\" ><p>Bizi aray\u0131n veya mail ile ula\u015f\u0131n, t\u00fcm sorular\u0131n\u0131z\u0131 24 saat i\u00e7inde yan\u0131tlamaya \u00e7al\u0131\u015f\u0131yoruz. Sorular\u0131n\u0131z\u0131 yan\u0131tlamaktan mutluluk duyaca\u011f\u0131z.<\/p>\n<\/div><\/section><br \/>\n\n<style type=\"text\/css\" data-created_by=\"avia_inline_auto\" id=\"style-css-av-la7tjn9g-3a3343a7530fd05be126ac8fe97adfcf\">\n#top .av-special-heading.av-la7tjn9g-3a3343a7530fd05be126ac8fe97adfcf{\npadding-bottom:10px;\n}\nbody .av-special-heading.av-la7tjn9g-3a3343a7530fd05be126ac8fe97adfcf .av-special-heading-tag .heading-char{\nfont-size:25px;\n}\n.av-special-heading.av-la7tjn9g-3a3343a7530fd05be126ac8fe97adfcf .av-subheading{\nfont-size:15px;\n}\n<\/style>\n<div  class='av-special-heading av-la7tjn9g-3a3343a7530fd05be126ac8fe97adfcf av-special-heading-h3  avia-builder-el-7  el_after_av_textblock  el_before_av_iconlist '><h3 class='av-special-heading-tag'  itemprop=\"headline\"  >Merkez Ofisi<\/h3><div class=\"special-heading-border\"><div class=\"special-heading-inner-border\"><\/div><\/div><\/div><br \/>\n<div  class='avia-icon-list-container av-la7thdgd-e2bb66f9101009491383d0fa8d7ffbcc  avia-builder-el-8  el_after_av_heading  el_before_av_hr '><ul class='avia-icon-list avia_animate_when_almost_visible avia-icon-list-left av-iconlist-small av-la7thdgd-e2bb66f9101009491383d0fa8d7ffbcc avia-iconlist-animate'>\n<li><div class='iconlist_icon av-la7tgxep-692579527b78c3de47df535d07363bae avia-font-iletisim'><span class='iconlist-char' aria-hidden='true' data-av_icon='\uf103' data-av_iconfont='iletisim'><\/span><\/div><article class=\"article-icon-entry av-iconlist-empty\"  itemscope=\"itemscope\" itemtype=\"https:\/\/schema.org\/CreativeWork\" ><div class=\"iconlist_content_wrap\"><header class=\"entry-content-header\"><div class='av_iconlist_title iconlist_title_small  '  itemprop=\"headline\" >Yal\u0131 Mahallesi Atilla \u0130lhan Caddesi No 21 Daire 3 Alia\u011fa \u0130zmir<\/div><\/header><div class='iconlist_content '  itemprop=\"text\" ><\/div><\/div><footer class=\"entry-footer\"><\/footer><\/article><div class=\"iconlist-timeline\"><\/div><\/li>\n<li><div class='iconlist_icon av-la7th35j-51b5d9cb58c639cb6d933ca725a3d576 avia-font-iletisim'><span class='iconlist-char' aria-hidden='true' data-av_icon='\uf101' data-av_iconfont='iletisim'><\/span><\/div><article class=\"article-icon-entry av-iconlist-empty\"  itemscope=\"itemscope\" itemtype=\"https:\/\/schema.org\/CreativeWork\" ><div class=\"iconlist_content_wrap\"><header class=\"entry-content-header\"><div class='av_iconlist_title iconlist_title_small  '  itemprop=\"headline\" >0232 616 02 29<\/div><\/header><div class='iconlist_content '  itemprop=\"text\" ><\/div><\/div><footer class=\"entry-footer\"><\/footer><\/article><div class=\"iconlist-timeline\"><\/div><\/li>\n<li><div class='iconlist_icon av-la7th9tx-809e4303908c07b9cb688cf205eb396e avia-font-iletisim'><span class='iconlist-char' aria-hidden='true' data-av_icon='\uf102' data-av_iconfont='iletisim'><\/span><\/div><article class=\"article-icon-entry av-iconlist-empty\"  itemscope=\"itemscope\" itemtype=\"https:\/\/schema.org\/CreativeWork\" ><div class=\"iconlist_content_wrap\"><header class=\"entry-content-header\"><div class='av_iconlist_title iconlist_title_small  '  itemprop=\"headline\" >info@amorasurvey.com<\/div><\/header><div class='iconlist_content '  itemprop=\"text\" ><\/div><\/div><footer class=\"entry-footer\"><\/footer><\/article><div class=\"iconlist-timeline\"><\/div><\/li>\n<\/ul><\/div><br \/>\n\n<style type=\"text\/css\" data-created_by=\"avia_inline_auto\" id=\"style-css-av-la7tlfsr-1268653bcd89d0c81b05fec0365bb8e0\">\n#top .hr.av-la7tlfsr-1268653bcd89d0c81b05fec0365bb8e0{\nmargin-top:10px;\nmargin-bottom:10px;\n}\n.hr.av-la7tlfsr-1268653bcd89d0c81b05fec0365bb8e0 .hr-inner{\nwidth:1000px;\nmax-width:45%;\n}\n<\/style>\n<div  class='hr av-la7tlfsr-1268653bcd89d0c81b05fec0365bb8e0 hr-custom  avia-builder-el-9  el_after_av_iconlist  el_before_av_heading  hr-center hr-icon-yes'><span class='hr-inner inner-border-av-border-thin'><span class=\"hr-inner-style\"><\/span><\/span><span class='av-seperator-icon' aria-hidden='true' data-av_icon='\ue87b' data-av_iconfont='entypo-fontello'><\/span><span class='hr-inner inner-border-av-border-thin'><span class=\"hr-inner-style\"><\/span><\/span><\/div><br \/>\n\n<style type=\"text\/css\" data-created_by=\"avia_inline_auto\" id=\"style-css-av-2hit8v-82403e167f82270bf0a643f24b31a327\">\n#top .av-special-heading.av-2hit8v-82403e167f82270bf0a643f24b31a327{\npadding-bottom:10px;\n}\nbody .av-special-heading.av-2hit8v-82403e167f82270bf0a643f24b31a327 .av-special-heading-tag .heading-char{\nfont-size:25px;\n}\n.av-special-heading.av-2hit8v-82403e167f82270bf0a643f24b31a327 .av-subheading{\nfont-size:15px;\n}\n<\/style>\n<div  class='av-special-heading av-2hit8v-82403e167f82270bf0a643f24b31a327 av-special-heading-h3  avia-builder-el-10  el_after_av_hr  el_before_av_iconlist '><h3 class='av-special-heading-tag'  itemprop=\"headline\"  >\u0130rtibat Ofisi<\/h3><div class=\"special-heading-border\"><div class=\"special-heading-inner-border\"><\/div><\/div><\/div><br \/>\n<div  class='avia-icon-list-container av-la7tj30r-917fca5ce07410b16797212c833d4d3b  avia-builder-el-11  el_after_av_heading  avia-builder-el-last '><ul class='avia-icon-list avia_animate_when_almost_visible avia-icon-list-left av-iconlist-small av-la7tj30r-917fca5ce07410b16797212c833d4d3b avia-iconlist-animate'>\n<li><div class='iconlist_icon av-la7tj0pv-5aa51ca0244408c3ba278563e7fe8f6e avia-font-iletisim'><span class='iconlist-char' aria-hidden='true' data-av_icon='\uf103' data-av_iconfont='iletisim'><\/span><\/div><article class=\"article-icon-entry av-iconlist-empty\"  itemscope=\"itemscope\" itemtype=\"https:\/\/schema.org\/CreativeWork\" ><div class=\"iconlist_content_wrap\"><header class=\"entry-content-header\"><div class='av_iconlist_title iconlist_title_small  '  itemprop=\"headline\" >Ko\u015fuyolu, Katip Salih Sk. No:44, 34736 Kad\u0131k\u00f6y\/\u0130stanbul<\/div><\/header><div class='iconlist_content '  itemprop=\"text\" ><\/div><\/div><footer class=\"entry-footer\"><\/footer><\/article><div class=\"iconlist-timeline\"><\/div><\/li>\n<\/ul><\/div><\/p><\/div><\/div><!--close column table wrapper. Autoclose: 1 --><\/div><\/div><\/main><!-- close content main element --><\/div><\/div><div id='av-layout-grid-1'  class='av-layout-grid-container av-l959yjsn-86987dad7d056221b8c090ec9bc707ea entry-content-wrapper main_color av-flex-cells  avia-builder-el-12  el_after_av_section  avia-builder-el-last  grid-row-not-first  container_wrap fullsize'  >\n\n<style type=\"text\/css\" data-created_by=\"avia_inline_auto\" id=\"style-css-av-284lbj-32dcc4b9e067ff9a21d683aa9e645b82\">\n.flex_cell.av-284lbj-32dcc4b9e067ff9a21d683aa9e645b82{\nvertical-align:top;\n}\n.responsive #top #wrap_all .flex_cell.av-284lbj-32dcc4b9e067ff9a21d683aa9e645b82{\npadding:0px 0px 0px 0px !important;\n}\n<\/style>\n<div class='flex_cell av-284lbj-32dcc4b9e067ff9a21d683aa9e645b82 av-gridrow-cell av_one_full no_margin  avia-builder-el-13  avia-builder-el-no-sibling  av-zero-padding' ><div class='flex_cell_inner'><div  class='av_gmaps_sc_main_wrap av_gmaps_main_wrap '><div id='av_gmap_0' class='avia-google-map-container avia-google-map-sc av_gmaps_show_unconditionally av-no-fallback-img ' data-mapid='av_gmap_0'  style='height: 600px;'><a class=\"av_gmaps_browser_disabled av_text_confirm_link av_text_confirm_link_visible\" href=\"https:\/\/www.google.com\/maps\/search\/?api=1&#038;query=Yal\u0131%20Mahallesi%20Atilla%20\u0130lhan%20Caddesi%20No%2021%20Daire%203%20Alia\u011fa%20\u0130zmir\" target=\"_blank\" rel=\"noopener\">Maps were disabled by the visitor on this site. Click to open the map in a new window.<\/a><\/div><\/div>\n<\/div><\/div>\n<\/div><\/p>\n","protected":false},"excerpt":{"rendered":"","protected":false},"author":1,"featured_media":0,"parent":0,"menu_order":0,"comment_status":"closed","ping_status":"closed","template":"","meta":[],"_links":{"self":[{"href":"https:\/\/amorasurvey.com\/tr\/wp-json\/wp\/v2\/pages\/3535"}],"collection":[{"href":"https:\/\/amorasurvey.com\/tr\/wp-json\/wp\/v2\/pages"}],"about":[{"href":"https:\/\/amorasurvey.com\/tr\/wp-json\/wp\/v2\/types\/page"}],"author":[{"embeddable":true,"href":"https:\/\/amorasurvey.com\/tr\/wp-json\/wp\/v2\/users\/1"}],"replies":[{"embeddable":true,"href":"https:\/\/amorasurvey.com\/tr\/wp-json\/wp\/v2\/comments?post=3535"}],"version-history":[{"count":26,"href":"https:\/\/amorasurvey.com\/tr\/wp-json\/wp\/v2\/pages\/3535\/revisions"}],"predecessor-version":[{"id":3537,"href":"https:\/\/amorasurvey.com\/tr\/wp-json\/wp\/v2\/pages\/3535\/revisions\/3537"}],"wp:attachment":[{"href":"https:\/\/amorasurvey.com\/tr\/wp-json\/wp\/v2\/media?parent=3535"}],"curies":[{"name":"wp","href":"https:\/\/api.w.org\/{rel}","templated":true}]}}