{"id":3551,"date":"2022-10-12T10:01:51","date_gmt":"2022-10-12T07:01:51","guid":{"rendered":"https:\/\/amorasurvey.com\/tr\/?page_id=3551"},"modified":"2022-11-08T15:57:05","modified_gmt":"2022-11-08T12:57:05","slug":"kurumsal","status":"publish","type":"page","link":"https:\/\/amorasurvey.com\/tr\/kurumsal\/","title":{"rendered":"KURUMSAL"},"content":{"rendered":"<div id='av-layout-grid-1'  class='av-layout-grid-container av-r235v3-2ee4817b02689ce6fc92d6e44b96d6e1 entry-content-wrapper main_color av-flex-cells  avia-builder-el-0  el_before_av_section  avia-builder-el-first  av-cell-min-height av-cell-min-height-85  container_wrap fullsize'   data-av_minimum_height_pc='85'>\n\n<style type=\"text\/css\" data-created_by=\"avia_inline_auto\" id=\"style-css-av-pksfsf-8b99243ffa044918d39171d95f504a77\">\n.flex_cell.av-pksfsf-8b99243ffa044918d39171d95f504a77{\nvertical-align:middle;\nbackground:url(https:\/\/amorasurvey.com\/tr\/wp-content\/uploads\/2022\/10\/amora-bg.jpg) 50% 50% no-repeat scroll ;\n}\n.responsive #top #wrap_all .flex_cell.av-pksfsf-8b99243ffa044918d39171d95f504a77{\npadding:0px 0px 0px 0px !important;\n}\n<\/style>\n<div class='flex_cell av-pksfsf-8b99243ffa044918d39171d95f504a77 av-gridrow-cell av_two_fifth no_margin  avia-builder-el-1  el_before_av_cell_three_fifth  avia-builder-el-first  av-zero-padding avia-full-stretch' ><div class='flex_cell_inner'><\/div><\/div>\n<style type=\"text\/css\" data-created_by=\"avia_inline_auto\" id=\"style-css-av-on4dj3-02fb26a3c4cb079eec870e595836c099\">\n.flex_cell.av-on4dj3-02fb26a3c4cb079eec870e595836c099{\nvertical-align:middle;\n}\n.responsive #top #wrap_all .flex_cell.av-on4dj3-02fb26a3c4cb079eec870e595836c099{\npadding:0px 0px 0px 0px !important;\n}\n<\/style>\n<div class='flex_cell av-on4dj3-02fb26a3c4cb079eec870e595836c099 av-gridrow-cell av_three_fifth no_margin  avia-builder-el-2  el_after_av_cell_two_fifth  avia-builder-el-last  av-zero-padding' ><div class='flex_cell_inner'><p>\n<style type=\"text\/css\" data-created_by=\"avia_inline_auto\" id=\"style-css-av-8a7rj-9de93c5777a7b7dc1462b0e6f521a5a3\">\n.flex_column.av-8a7rj-9de93c5777a7b7dc1462b0e6f521a5a3{\nwidth:17.6%;\nbackground-color:#00055c;\n}\n<\/style>\n<div class='flex_column av-8a7rj-9de93c5777a7b7dc1462b0e6f521a5a3 av_one_fifth  avia-builder-el-3  el_before_av_four_fifth  avia-builder-el-first  first flex_column_div '     ><p>\n<style type=\"text\/css\" data-created_by=\"avia_inline_auto\" id=\"style-css-av-ieb3i7-06b8911faede8ecc9ff5c178863cea1d\">\n.iconbox.av-ieb3i7-06b8911faede8ecc9ff5c178863cea1d .iconbox_icon{\ncolor:#ffffff;\n}\n#top #wrap_all .iconbox.av-ieb3i7-06b8911faede8ecc9ff5c178863cea1d .iconbox_content_title{\ncolor:#ffffff;\n}\n.iconbox.av-ieb3i7-06b8911faede8ecc9ff5c178863cea1d .iconbox_content_container{\ncolor:#ffffff;\n}\n<\/style>\n<article  id=\"kutucuk\"  class='iconbox iconbox_top av-ieb3i7-06b8911faede8ecc9ff5c178863cea1d av-no-box  avia-builder-el-4  el_before_av_icon_box  avia-builder-el-first  kutucuk kutucuk'  itemscope=\"itemscope\" itemtype=\"https:\/\/schema.org\/CreativeWork\" ><div class=\"iconbox_content\"><header class=\"entry-content-header\"><div class=\"iconbox_icon heading-color\" aria-hidden='true' data-av_icon='\uf104' data-av_iconfont='hizmet'><\/div><h3 class='iconbox_content_title '  itemprop=\"headline\" >Kalite<\/h3><\/header><div class='iconbox_content_container av_inherit_color'  itemprop=\"text\" ><\/div><\/div><footer class=\"entry-footer\"><\/footer><\/article><br \/>\n\n<style type=\"text\/css\" data-created_by=\"avia_inline_auto\" id=\"style-css-av-h84yq7-cc06d36b065b127e1452d8b505332f09\">\n.iconbox.av-h84yq7-cc06d36b065b127e1452d8b505332f09 .iconbox_icon{\ncolor:#ffffff;\n}\n#top #wrap_all .iconbox.av-h84yq7-cc06d36b065b127e1452d8b505332f09 .iconbox_content_title{\ncolor:#ffffff;\n}\n.iconbox.av-h84yq7-cc06d36b065b127e1452d8b505332f09 .iconbox_content_container{\ncolor:#ffffff;\n}\n<\/style>\n<article  id=\"kutucuk\"  class='iconbox iconbox_top av-h84yq7-cc06d36b065b127e1452d8b505332f09 av-no-box  avia-builder-el-5  el_after_av_icon_box  el_before_av_icon_box  kutucuk kutucuk'  itemscope=\"itemscope\" itemtype=\"https:\/\/schema.org\/CreativeWork\" ><div class=\"iconbox_content\"><header class=\"entry-content-header\"><div class=\"iconbox_icon heading-color\" aria-hidden='true' data-av_icon='\uf105' data-av_iconfont='hizmet'><\/div><h3 class='iconbox_content_title '  itemprop=\"headline\" >\u0130yi Servis<\/h3><\/header><div class='iconbox_content_container av_inherit_color'  itemprop=\"text\" ><\/div><\/div><footer class=\"entry-footer\"><\/footer><\/article><br \/>\n\n<style type=\"text\/css\" data-created_by=\"avia_inline_auto\" id=\"style-css-av-g8eqpr-740d2926e6725130ad71f6e3ce0b611f\">\n.iconbox.av-g8eqpr-740d2926e6725130ad71f6e3ce0b611f .iconbox_icon{\ncolor:#ffffff;\n}\n#top #wrap_all .iconbox.av-g8eqpr-740d2926e6725130ad71f6e3ce0b611f .iconbox_content_title{\ncolor:#ffffff;\n}\n.iconbox.av-g8eqpr-740d2926e6725130ad71f6e3ce0b611f .iconbox_content_container{\ncolor:#ffffff;\n}\n<\/style>\n<article  id=\"kutucuk\"  class='iconbox iconbox_top av-g8eqpr-740d2926e6725130ad71f6e3ce0b611f av-no-box  avia-builder-el-6  el_after_av_icon_box  avia-builder-el-last  kutucuk kutucuk'  itemscope=\"itemscope\" itemtype=\"https:\/\/schema.org\/CreativeWork\" ><div class=\"iconbox_content\"><header class=\"entry-content-header\"><div class=\"iconbox_icon heading-color\" aria-hidden='true' data-av_icon='\uf107' data-av_iconfont='hizmet'><\/div><h3 class='iconbox_content_title '  itemprop=\"headline\" >Do\u011fru Zamanlama<\/h3><\/header><div class='iconbox_content_container av_inherit_color'  itemprop=\"text\" ><\/div><\/div><footer class=\"entry-footer\"><\/footer><\/article><\/p><\/div>\n<style type=\"text\/css\" data-created_by=\"avia_inline_auto\" id=\"style-css-av-edabz3-09596085c89fbbcd6ac6f87507e61e25\">\n.flex_column.av-edabz3-09596085c89fbbcd6ac6f87507e61e25{\nwidth:79.4%;\nmargin-left:3%;\npadding:0 20% 0 0;\n}\n<\/style>\n<div class='flex_column av-edabz3-09596085c89fbbcd6ac6f87507e61e25 av_four_fifth  avia-builder-el-7  el_after_av_one_fifth  avia-builder-el-last  flex_column_div '     ><p>\n<style type=\"text\/css\" data-created_by=\"avia_inline_auto\" id=\"style-css-av-cl9lan-639ea0bdff5cde28ea3f7cc099a92371\">\n#top .av-special-heading.av-cl9lan-639ea0bdff5cde28ea3f7cc099a92371{\npadding-bottom:10px;\n}\nbody .av-special-heading.av-cl9lan-639ea0bdff5cde28ea3f7cc099a92371 .av-special-heading-tag .heading-char{\nfont-size:25px;\n}\n.av-special-heading.av-cl9lan-639ea0bdff5cde28ea3f7cc099a92371 .av-subheading{\nfont-size:15px;\n}\n<\/style>\n<div  id=\"baslik\"  class='av-special-heading av-cl9lan-639ea0bdff5cde28ea3f7cc099a92371 av-special-heading-h3 blockquote modern-quote  avia-builder-el-8  el_before_av_textblock  avia-builder-el-first  baslik baslik'><div class='av-subheading av-subheading_above'><p>H\u0130ZMETLER\u0130M\u0130Z<\/p>\n<div class=\"transx_up_heading_overlay\">MISSION<\/div>\n<\/div><h3 class='av-special-heading-tag'  itemprop=\"headline\"  >Sekt\u00f6rde lider firmalardan biriyiz<\/h3><div class=\"special-heading-border\"><div class=\"special-heading-inner-border\"><\/div><\/div><\/div><br \/>\n<section  class='av_textblock_section av-13rein-cf4bdfc2e17d185706f69eb1457c3bcf'  itemscope=\"itemscope\" itemtype=\"https:\/\/schema.org\/CreativeWork\" ><div class='avia_textblock'  itemprop=\"text\" ><p>Amora Marine Survey, T\u00fcrkiye ve D\u00fcnya \u00e7ap\u0131nda denizcilik s\u00f6rvey\/g\u00f6zetim ve dan\u0131\u015fmanl\u0131k alan\u0131nda faaliyet g\u00f6steren lider firmalardan biridir. M\u00fc\u015fterilerimize rekabet\u00e7i bir fiyatta do\u011fru bir servis sunmaya ve bu hizmeti m\u00fc\u015fterimizin zaman \u00e7er\u00e7evesi i\u00e7inde tamamlamaya adad\u0131k.<\/p>\n<\/div><\/section><br \/>\n\n<style type=\"text\/css\" data-created_by=\"avia_inline_auto\" id=\"style-css-av-wh9sf-a3a88615e1d6975559ae294dc07b69f0\">\n#top .avia-icon-list-container.av-wh9sf-a3a88615e1d6975559ae294dc07b69f0 .iconlist_icon{\ncolor:#00055c;\n}\n<\/style>\n<div  class='avia-icon-list-container av-wh9sf-a3a88615e1d6975559ae294dc07b69f0  avia-builder-el-10  el_after_av_textblock  avia-builder-el-last '><ul class='avia-icon-list avia_animate_when_almost_visible avia-icon-list-left av-iconlist-small av-wh9sf-a3a88615e1d6975559ae294dc07b69f0 avia-iconlist-animate'>\n<li><div class='iconlist_icon av-sw10f-37a7bf3ee62fdee3dcb3609d2d238811 avia-font-entypo-fontello'><span class='iconlist-char' aria-hidden='true' data-av_icon='\ue875' data-av_iconfont='entypo-fontello'><\/span><\/div><article class=\"article-icon-entry av-iconlist-empty\"  itemscope=\"itemscope\" itemtype=\"https:\/\/schema.org\/CreativeWork\" ><div class=\"iconlist_content_wrap\"><header class=\"entry-content-header\"><div class='av_iconlist_title iconlist_title_small  '  itemprop=\"headline\" >M\u00fc\u015fterilerimize \u00f6neriler ve \u00e7\u00f6z\u00fcmler sunmak i\u00e7in dikkatlice dinler ve etkili bir \u015fekilde ileti\u015fim kurar\u0131z. <\/div><\/header><div class='iconlist_content '  itemprop=\"text\" ><\/div><\/div><footer class=\"entry-footer\"><\/footer><\/article><div class=\"iconlist-timeline\"><\/div><\/li>\n<li><div class='iconlist_icon av-5fd1gv-c2a6f9e7293a77d7c21f022a794e0c11 avia-font-entypo-fontello'><span class='iconlist-char' aria-hidden='true' data-av_icon='\ue875' data-av_iconfont='entypo-fontello'><\/span><\/div><article class=\"article-icon-entry av-iconlist-empty\"  itemscope=\"itemscope\" itemtype=\"https:\/\/schema.org\/CreativeWork\" ><div class=\"iconlist_content_wrap\"><header class=\"entry-content-header\"><div class='av_iconlist_title iconlist_title_small  '  itemprop=\"headline\" >Amora Marine Survey ailesi olarak, m\u00fc\u015fterilerimize 7\/24 m\u00fcmk\u00fcn olan en iyi deneyimi sunmaya \u00e7al\u0131\u015f\u0131yoruz.<\/div><\/header><div class='iconlist_content '  itemprop=\"text\" ><\/div><\/div><footer class=\"entry-footer\"><\/footer><\/article><div class=\"iconlist-timeline\"><\/div><\/li>\n<\/ul><\/div><\/p><\/div><\/p>\n<\/div><\/div>\n<\/div>\n<div id='vizyon-misyon-degerlerimiz'  class='avia-section av-pii0f-0875790e7da8542c6af8f522d2f124c4 main_color avia-section-default avia-no-border-styling  avia-builder-el-11  el_after_av_layout_row  avia-builder-el-last  avia-bg-style-scroll container_wrap fullsize'  ><div class='container av-section-cont-open' ><div class='template-page content  av-content-full alpha units'><div class='post-entry post-entry-type-page post-entry-3551'><div class='entry-content-wrapper clearfix'>\n<div class='flex_column av-68pa5r-c1534cf84b8b955c400c271a7e05bc38 av_one_full  avia-builder-el-12  el_before_av_one_full  avia-builder-el-first  first flex_column_div av-animated-generic bottom-to-top '     ><style type=\"text\/css\" data-created_by=\"avia_inline_auto\" id=\"style-css-av-4hju0v-d7a04421c3640ec930875c3a7f803e5a\">\n.avia-image-container.av-4hju0v-d7a04421c3640ec930875c3a7f803e5a img.avia_image{\nbox-shadow:none;\n}\n.avia-image-container.av-4hju0v-d7a04421c3640ec930875c3a7f803e5a .av-image-caption-overlay-center{\ncolor:#ffffff;\n}\n<\/style>\n<div  class='avia-image-container av-4hju0v-d7a04421c3640ec930875c3a7f803e5a av-styling-no-styling avia-align-center  avia-builder-el-13  avia-builder-el-no-sibling '   itemprop=\"image\" itemscope=\"itemscope\" itemtype=\"https:\/\/schema.org\/ImageObject\" ><div class=\"avia-image-container-inner\"><div class=\"avia-image-overlay-wrap\"><img decoding=\"async\" class='wp-image-3364 avia-img-lazy-loading-not-3364 avia_image ' src=\"https:\/\/amorasurvey.com\/tr\/wp-content\/uploads\/2022\/10\/Sidebar-img.png\" alt='' title='Sidebar-img'  height=\"108\" width=\"74\"  itemprop=\"thumbnailUrl\"  \/><\/div><\/div><\/div><\/div><div class='flex_column av-33wplr-61cc1678f282ce4d6fb4bb3399b34bed av_one_full  avia-builder-el-14  el_after_av_one_full  avia-builder-el-last  first flex_column_div av-animated-generic bottom-to-top column-top-margin'     ><p>\n<style type=\"text\/css\" data-created_by=\"avia_inline_auto\" id=\"style-css-av-la6g3mh0-eba348fdd0dd6728a7eb0f1573b3b961\">\n#top .av-special-heading.av-la6g3mh0-eba348fdd0dd6728a7eb0f1573b3b961{\npadding-bottom:10px;\n}\nbody .av-special-heading.av-la6g3mh0-eba348fdd0dd6728a7eb0f1573b3b961 .av-special-heading-tag .heading-char{\nfont-size:25px;\n}\n.av-special-heading.av-la6g3mh0-eba348fdd0dd6728a7eb0f1573b3b961 .av-subheading{\nfont-size:15px;\n}\n<\/style>\n<div  id=\"baslik\"  class='av-special-heading av-la6g3mh0-eba348fdd0dd6728a7eb0f1573b3b961 av-special-heading-h3 blockquote modern-quote modern-centered  avia-builder-el-15  el_before_av_textblock  avia-builder-el-first  baslik baslik'><div class='av-subheading av-subheading_above'><p>AMORA MARINE SURVEY COMPANY<\/p>\n<div class=\"transx_up_heading_overlay3\">VISION<\/div>\n<\/div><h3 class='av-special-heading-tag'  itemprop=\"headline\"  >Misyonumuz, Vizyonumuz<\/h3><div class=\"special-heading-border\"><div class=\"special-heading-inner-border\"><\/div><\/div><\/div><br \/>\n\n<style type=\"text\/css\" data-created_by=\"avia_inline_auto\" id=\"style-css-av-la6g422d-fad0812062ac7f69b021dc608500bfc9\">\n#top .av_textblock_section.av-la6g422d-fad0812062ac7f69b021dc608500bfc9 .avia_textblock{\ntext-align:center;\n}\n<\/style>\n<section  id=\"giris\"  class='av_textblock_section av-la6g422d-fad0812062ac7f69b021dc608500bfc9'  itemscope=\"itemscope\" itemtype=\"https:\/\/schema.org\/CreativeWork\" ><div class='avia_textblock giris giris'  itemprop=\"text\" ><p>Denizcilik sekt\u00f6r\u00fcn\u00fcn sorunlar\u0131na yenilik\u00e7i \u00e7\u00f6z\u00fcmler \u00fcretmek.<\/p>\n<p>Ulusal ve Uluslararas\u0131 alanda da rekabet g\u00fcc\u00fc y\u00fcksek, g\u00fcvenilir bir denizcilik hizmetleri sa\u011flay\u0131c\u0131 firma olmak. G\u00fcvenilirli\u011fi ve sonu\u00e7 odakl\u0131 yakla\u015f\u0131m\u0131yla sekt\u00f6rde \u00f6nc\u00fc olmak.<\/p>\n<\/div><\/section><br \/>\n\n<style type=\"text\/css\" data-created_by=\"avia_inline_auto\" id=\"style-css-av-la7xl3mw-05532ca6724e6064a0ed443b5a892636\">\n#top .av-special-heading.av-la7xl3mw-05532ca6724e6064a0ed443b5a892636{\npadding-bottom:10px;\n}\nbody .av-special-heading.av-la7xl3mw-05532ca6724e6064a0ed443b5a892636 .av-special-heading-tag .heading-char{\nfont-size:25px;\n}\n.av-special-heading.av-la7xl3mw-05532ca6724e6064a0ed443b5a892636 .av-subheading{\nfont-size:15px;\n}\n<\/style>\n<div  id=\"baslik\"  class='av-special-heading av-la7xl3mw-05532ca6724e6064a0ed443b5a892636 av-special-heading-h3 blockquote modern-quote modern-centered  avia-builder-el-17  el_after_av_textblock  el_before_av_textblock  baslik baslik'><h3 class='av-special-heading-tag'  itemprop=\"headline\"  >De\u011ferlerimiz<\/h3><div class=\"special-heading-border\"><div class=\"special-heading-inner-border\"><\/div><\/div><\/div><br \/>\n\n<style type=\"text\/css\" data-created_by=\"avia_inline_auto\" id=\"style-css-av-la7xll9e-b17527080a8a59737a28f0f8af0175ab\">\n#top .av_textblock_section.av-la7xll9e-b17527080a8a59737a28f0f8af0175ab .avia_textblock{\ntext-align:center;\n}\n<\/style>\n<section  id=\"giris\"  class='av_textblock_section av-la7xll9e-b17527080a8a59737a28f0f8af0175ab'  itemscope=\"itemscope\" itemtype=\"https:\/\/schema.org\/CreativeWork\" ><div class='avia_textblock giris giris'  itemprop=\"text\" ><p>G\u00fcvenilirlik,<br \/>\nSonu\u00e7 odakl\u0131, h\u0131zl\u0131 ve kusursuz i\u015f s\u00fcre\u00e7leri,<br \/>\nDo\u011fa ve \u00e7evre dostu,<br \/>\nHer zaman her yerde kesintisiz hizmet vermek&#8230;<\/p>\n<\/div><\/section><\/p><\/div>\n\n","protected":false},"excerpt":{"rendered":"","protected":false},"author":1,"featured_media":0,"parent":0,"menu_order":0,"comment_status":"closed","ping_status":"closed","template":"","meta":[],"_links":{"self":[{"href":"https:\/\/amorasurvey.com\/tr\/wp-json\/wp\/v2\/pages\/3551"}],"collection":[{"href":"https:\/\/amorasurvey.com\/tr\/wp-json\/wp\/v2\/pages"}],"about":[{"href":"https:\/\/amorasurvey.com\/tr\/wp-json\/wp\/v2\/types\/page"}],"author":[{"embeddable":true,"href":"https:\/\/amorasurvey.com\/tr\/wp-json\/wp\/v2\/users\/1"}],"replies":[{"embeddable":true,"href":"https:\/\/amorasurvey.com\/tr\/wp-json\/wp\/v2\/comments?post=3551"}],"version-history":[{"count":8,"href":"https:\/\/amorasurvey.com\/tr\/wp-json\/wp\/v2\/pages\/3551\/revisions"}],"predecessor-version":[{"id":3668,"href":"https:\/\/amorasurvey.com\/tr\/wp-json\/wp\/v2\/pages\/3551\/revisions\/3668"}],"wp:attachment":[{"href":"https:\/\/amorasurvey.com\/tr\/wp-json\/wp\/v2\/media?parent=3551"}],"curies":[{"name":"wp","href":"https:\/\/api.w.org\/{rel}","templated":true}]}}