{"id":3643,"date":"2022-11-07T11:51:17","date_gmt":"2022-11-07T08:51:17","guid":{"rendered":"https:\/\/amorasurvey.com\/tr\/?page_id=3643"},"modified":"2022-11-07T11:55:04","modified_gmt":"2022-11-07T08:55:04","slug":"operasyon-alanlari","status":"publish","type":"page","link":"https:\/\/amorasurvey.com\/tr\/operasyon-alanlari\/","title":{"rendered":"OPERASYON ALANLARI"},"content":{"rendered":"<div id='av-layout-grid-1'  class='av-layout-grid-container av-2lz4xn-d04d38fba32f7bf3e6809d65bbfe8cdc entry-content-wrapper main_color av-flex-cells  avia-builder-el-0  el_before_av_section  avia-builder-el-first   container_wrap fullsize'  >\n\n<style type=\"text\/css\" data-created_by=\"avia_inline_auto\" id=\"style-css-av-la6jpaif-8716e1c5b67dd113d57602ee47d3223b\">\n.flex_cell.av-la6jpaif-8716e1c5b67dd113d57602ee47d3223b{\nvertical-align:top;\n}\n.responsive #top #wrap_all .flex_cell.av-la6jpaif-8716e1c5b67dd113d57602ee47d3223b{\npadding:0PX 0PX 0PX 0PX !important;\n}\n<\/style>\n<div class='flex_cell av-la6jpaif-8716e1c5b67dd113d57602ee47d3223b av-gridrow-cell av_one_full no_margin  avia-builder-el-1  avia-builder-el-no-sibling ' ><div class='flex_cell_inner'>\n<\/div><\/div>\n<\/div>\n<div id='av_section_1'  class='avia-section av-onkvqj-51c0b8195e9e339c68daba949ff66a26 main_color avia-section-default avia-no-border-styling  avia-builder-el-3  el_after_av_layout_row  avia-builder-el-last  avia-bg-style-scroll container_wrap fullsize'  ><div class='container av-section-cont-open' ><div class='template-page content  av-content-full alpha units'><div class='post-entry post-entry-type-page post-entry-3643'><div class='entry-content-wrapper clearfix'>\n<div class='flex_column av-igi6sr-51e2fa5c930e66f45cd8c635ea2b002d av_one_full  avia-builder-el-4  avia-builder-el-no-sibling  first flex_column_div av-animated-generic bottom-to-top '     ><style type=\"text\/css\" data-created_by=\"avia_inline_auto\" id=\"style-css-av-la6jrkbi-ed96fb271c6b1d0ecabdc3dd934cb63b\">\n#top .av-special-heading.av-la6jrkbi-ed96fb271c6b1d0ecabdc3dd934cb63b{\npadding-bottom:10px;\n}\nbody .av-special-heading.av-la6jrkbi-ed96fb271c6b1d0ecabdc3dd934cb63b .av-special-heading-tag .heading-char{\nfont-size:25px;\n}\n.av-special-heading.av-la6jrkbi-ed96fb271c6b1d0ecabdc3dd934cb63b .av-subheading{\nfont-size:15px;\n}\n<\/style>\n<div  id=\"baslik\"  class='av-special-heading av-la6jrkbi-ed96fb271c6b1d0ecabdc3dd934cb63b av-special-heading-h3 blockquote modern-quote modern-centered  avia-builder-el-5  avia-builder-el-no-sibling  baslik baslik'><div class='av-subheading av-subheading_above'><p>AMORA MARINE SURVEY COMPANY<\/p>\n<div class=\"transx_up_heading_overlay3\">AMORA MARINE<\/div>\n<\/div><h3 class='av-special-heading-tag'  itemprop=\"headline\"  >T\u00fcm T\u00fcrkiye ve Avrupa k\u0131tas\u0131na hizmetimiz bulunmaktad\u0131r.<\/h3><div class=\"special-heading-border\"><div class=\"special-heading-inner-border\"><\/div><\/div><\/div><\/div>\n","protected":false},"excerpt":{"rendered":"","protected":false},"author":1,"featured_media":0,"parent":0,"menu_order":0,"comment_status":"closed","ping_status":"closed","template":"","meta":[],"_links":{"self":[{"href":"https:\/\/amorasurvey.com\/tr\/wp-json\/wp\/v2\/pages\/3643"}],"collection":[{"href":"https:\/\/amorasurvey.com\/tr\/wp-json\/wp\/v2\/pages"}],"about":[{"href":"https:\/\/amorasurvey.com\/tr\/wp-json\/wp\/v2\/types\/page"}],"author":[{"embeddable":true,"href":"https:\/\/amorasurvey.com\/tr\/wp-json\/wp\/v2\/users\/1"}],"replies":[{"embeddable":true,"href":"https:\/\/amorasurvey.com\/tr\/wp-json\/wp\/v2\/comments?post=3643"}],"version-history":[{"count":6,"href":"https:\/\/amorasurvey.com\/tr\/wp-json\/wp\/v2\/pages\/3643\/revisions"}],"predecessor-version":[{"id":3649,"href":"https:\/\/amorasurvey.com\/tr\/wp-json\/wp\/v2\/pages\/3643\/revisions\/3649"}],"wp:attachment":[{"href":"https:\/\/amorasurvey.com\/tr\/wp-json\/wp\/v2\/media?parent=3643"}],"curies":[{"name":"wp","href":"https:\/\/api.w.org\/{rel}","templated":true}]}}