{"id":3651,"date":"2022-11-07T11:57:23","date_gmt":"2022-11-07T08:57:23","guid":{"rendered":"https:\/\/amorasurvey.com\/tr\/?page_id=3651"},"modified":"2022-11-07T11:57:23","modified_gmt":"2022-11-07T08:57:23","slug":"sertifikalar","status":"publish","type":"page","link":"https:\/\/amorasurvey.com\/tr\/sertifikalar\/","title":{"rendered":"SERT\u0130F\u0130KALAR"},"content":{"rendered":"<div id='av_section_1'  class='avia-section av-la6jv5ve-552e4bf49ae3132f9941aa4451e8d23d main_color avia-section-default avia-no-border-styling  avia-builder-el-0  avia-builder-el-no-sibling  avia-bg-style-scroll av-minimum-height av-minimum-height-75  container_wrap fullsize'   data-av_minimum_height_pc='75'><div class='container av-section-cont-open' ><main  role=\"main\" itemprop=\"mainContentOfPage\"  class='template-page content  av-content-full alpha units'><div class='post-entry post-entry-type-page post-entry-3651'><div class='entry-content-wrapper clearfix'>\n<section  class='av_textblock_section av-la6jvdd9-c4b36e9360617eb0bcfb410a6313ee06'  itemscope=\"itemscope\" itemtype=\"https:\/\/schema.org\/CreativeWork\" ><div class='avia_textblock'  itemprop=\"text\" ><p style=\"text-align: center;\">sayfam\u0131z yap\u0131m a\u015famas\u0131nda&#8230;<\/p>\n<\/div><\/section>\n\n","protected":false},"excerpt":{"rendered":"","protected":false},"author":1,"featured_media":0,"parent":0,"menu_order":0,"comment_status":"closed","ping_status":"closed","template":"","meta":[],"_links":{"self":[{"href":"https:\/\/amorasurvey.com\/tr\/wp-json\/wp\/v2\/pages\/3651"}],"collection":[{"href":"https:\/\/amorasurvey.com\/tr\/wp-json\/wp\/v2\/pages"}],"about":[{"href":"https:\/\/amorasurvey.com\/tr\/wp-json\/wp\/v2\/types\/page"}],"author":[{"embeddable":true,"href":"https:\/\/amorasurvey.com\/tr\/wp-json\/wp\/v2\/users\/1"}],"replies":[{"embeddable":true,"href":"https:\/\/amorasurvey.com\/tr\/wp-json\/wp\/v2\/comments?post=3651"}],"version-history":[{"count":1,"href":"https:\/\/amorasurvey.com\/tr\/wp-json\/wp\/v2\/pages\/3651\/revisions"}],"predecessor-version":[{"id":3652,"href":"https:\/\/amorasurvey.com\/tr\/wp-json\/wp\/v2\/pages\/3651\/revisions\/3652"}],"wp:attachment":[{"href":"https:\/\/amorasurvey.com\/tr\/wp-json\/wp\/v2\/media?parent=3651"}],"curies":[{"name":"wp","href":"https:\/\/api.w.org\/{rel}","templated":true}]}}